{"id":90,"date":"2023-06-13T20:41:31","date_gmt":"2023-06-13T18:41:31","guid":{"rendered":"https:\/\/kratkameble.pl\/?page_id=90"},"modified":"2023-06-13T22:28:21","modified_gmt":"2023-06-13T20:28:21","slug":"elementor-90","status":"publish","type":"page","link":"https:\/\/kratkameble.pl\/?page_id=90","title":{"rendered":"Shaker"},"content":{"rendered":"\t\t<div data-elementor-type=\"wp-page\" data-elementor-id=\"90\" class=\"elementor elementor-90\">\n\t\t\t\t\t\t\t\t\t<section class=\"elementor-section elementor-top-section elementor-element elementor-element-35d1f87 elementor-section-boxed elementor-section-height-default elementor-section-height-default\" data-id=\"35d1f87\" data-element_type=\"section\">\n\t\t\t\t\t\t<div class=\"elementor-container elementor-column-gap-default\">\n\t\t\t\t\t<div class=\"elementor-column elementor-col-33 elementor-top-column elementor-element elementor-element-9d06d85\" data-id=\"9d06d85\" data-element_type=\"column\">\n\t\t\t<div class=\"elementor-widget-wrap elementor-element-populated\">\n\t\t\t\t\t\t\t\t<div class=\"elementor-element elementor-element-1bae1e8 elementor-widget elementor-widget-heading\" data-id=\"1bae1e8\" data-element_type=\"widget\" data-widget_type=\"heading.default\">\n\t\t\t\t<div class=\"elementor-widget-container\">\n\t\t\t<style>\/*! elementor - v3.18.0 - 20-12-2023 *\/\n.elementor-heading-title{padding:0;margin:0;line-height:1}.elementor-widget-heading .elementor-heading-title[class*=elementor-size-]>a{color:inherit;font-size:inherit;line-height:inherit}.elementor-widget-heading .elementor-heading-title.elementor-size-small{font-size:15px}.elementor-widget-heading .elementor-heading-title.elementor-size-medium{font-size:19px}.elementor-widget-heading .elementor-heading-title.elementor-size-large{font-size:29px}.elementor-widget-heading .elementor-heading-title.elementor-size-xl{font-size:39px}.elementor-widget-heading .elementor-heading-title.elementor-size-xxl{font-size:59px}<\/style><h2 class=\"elementor-heading-title elementor-size-default\">Co to w og\u00f3le znaczy \"shaker\"?<\/h2>\t\t<\/div>\n\t\t\t\t<\/div>\n\t\t\t\t<div class=\"elementor-element elementor-element-5ea0650 elementor-widget elementor-widget-text-editor\" data-id=\"5ea0650\" data-element_type=\"widget\" data-widget_type=\"text-editor.default\">\n\t\t\t\t<div class=\"elementor-widget-container\">\n\t\t\t<style>\/*! elementor - v3.18.0 - 20-12-2023 *\/\n.elementor-widget-text-editor.elementor-drop-cap-view-stacked .elementor-drop-cap{background-color:#69727d;color:#fff}.elementor-widget-text-editor.elementor-drop-cap-view-framed .elementor-drop-cap{color:#69727d;border:3px solid;background-color:transparent}.elementor-widget-text-editor:not(.elementor-drop-cap-view-default) .elementor-drop-cap{margin-top:8px}.elementor-widget-text-editor:not(.elementor-drop-cap-view-default) .elementor-drop-cap-letter{width:1em;height:1em}.elementor-widget-text-editor .elementor-drop-cap{float:left;text-align:center;line-height:1;font-size:50px}.elementor-widget-text-editor .elementor-drop-cap-letter{display:inline-block}<\/style>\t\t\t\t<p>Styl urz\u0105dzania wn\u0119trz wywodz\u0105cy si\u0119 z XIX wiecznej Ameryki, a dok\u0142adnie ze wsp\u00f3lnoty religijnej okre\u015blanej w\u0142a\u015bnie tym mianem. Cechuje si\u0119 prostot\u0105 i elegancj\u0105. Uznawany za synonim przytulnego wn\u0119trza, jest r\u00f3wnie\u017c niezwykle uniwersalny &#8211; sprawdzi si\u0119 zar\u00f3wno w minimalistycznej kawalerce w centrum miasta jak i w ogromnej wiejskiej posiad\u0142o\u015bci. G\u0142\u00f3wne atrybuty kt\u00f3re go charakteryzuj\u0105:<\/p>\n<ul>\n<li>Proste, najcz\u0119\u015bciej p\u0142ycinowe fronty bez ozdobnych frez\u00f3w na kraw\u0119dziach, z widoczn\u0105 struktur\u0105 drewna<br><\/li>\n<li>Drzwiczki okolone dodatkow\u0105 sta\u0142\u0105 ramk\u0105 dzi\u0119ki kt\u00f3rej wszystkie elementy tworz\u0105 sp\u00f3jn\u0105 ca\u0142o\u015b\u0107<\/li>\n<li>Naturalne materia\u0142y &#8211; drewno &#8211; i pastelowe kolory z palety barw natury &#8211; biele, br\u0105zy, be\u017ce, szaro\u015bci, b\u0142\u0119kity&#8230;<\/li>\n<\/ul>\t\t\t\t\t\t<\/div>\n\t\t\t\t<\/div>\n\t\t\t\t\t<\/div>\n\t\t<\/div>\n\t\t\t\t<div class=\"elementor-column elementor-col-33 elementor-top-column elementor-element elementor-element-1582bcd\" data-id=\"1582bcd\" data-element_type=\"column\">\n\t\t\t<div class=\"elementor-widget-wrap elementor-element-populated\">\n\t\t\t\t\t\t\t\t<div class=\"elementor-element elementor-element-3b7592f elementor-widget elementor-widget-image\" data-id=\"3b7592f\" data-element_type=\"widget\" data-widget_type=\"image.default\">\n\t\t\t\t<div class=\"elementor-widget-container\">\n\t\t\t<style>\/*! elementor - v3.18.0 - 20-12-2023 *\/\n.elementor-widget-image{text-align:center}.elementor-widget-image a{display:inline-block}.elementor-widget-image a img[src$=\".svg\"]{width:48px}.elementor-widget-image img{vertical-align:middle;display:inline-block}<\/style>\t\t\t\t\t\t\t\t\t\t\t\t<img fetchpriority=\"high\" decoding=\"async\" width=\"778\" height=\"1024\" src=\"https:\/\/kratkameble.pl\/wp-content\/uploads\/2023\/06\/IMG_8379-778x1024.jpg\" class=\"attachment-large size-large wp-image-107\" alt=\"\" srcset=\"https:\/\/kratkameble.pl\/wp-content\/uploads\/2023\/06\/IMG_8379-778x1024.jpg 778w, https:\/\/kratkameble.pl\/wp-content\/uploads\/2023\/06\/IMG_8379-228x300.jpg 228w, https:\/\/kratkameble.pl\/wp-content\/uploads\/2023\/06\/IMG_8379-768x1011.jpg 768w, https:\/\/kratkameble.pl\/wp-content\/uploads\/2023\/06\/IMG_8379.jpg 1000w\" sizes=\"(max-width: 778px) 100vw, 778px\" \/>\t\t\t\t\t\t\t\t\t\t\t\t\t\t\t<\/div>\n\t\t\t\t<\/div>\n\t\t\t\t\t<\/div>\n\t\t<\/div>\n\t\t\t\t<div class=\"elementor-column elementor-col-33 elementor-top-column elementor-element elementor-element-cac3cb6\" data-id=\"cac3cb6\" data-element_type=\"column\">\n\t\t\t<div class=\"elementor-widget-wrap elementor-element-populated\">\n\t\t\t\t\t\t\t\t<div class=\"elementor-element elementor-element-c8609e0 elementor-widget elementor-widget-heading\" data-id=\"c8609e0\" data-element_type=\"widget\" data-widget_type=\"heading.default\">\n\t\t\t\t<div class=\"elementor-widget-container\">\n\t\t\t<h2 class=\"elementor-heading-title elementor-size-default\">Dlaczego my? <\/h2>\t\t<\/div>\n\t\t\t\t<\/div>\n\t\t\t\t<div class=\"elementor-element elementor-element-f09eb2b elementor-widget elementor-widget-text-editor\" data-id=\"f09eb2b\" data-element_type=\"widget\" data-widget_type=\"text-editor.default\">\n\t\t\t\t<div class=\"elementor-widget-container\">\n\t\t\t\t\t\t\t<p>Co tu du\u017co m\u00f3wi\u0107 &#8211; zakochali\u015bmy si\u0119 w tym stylu! I postawili\u015bmy sobie za misj\u0119 spopularyzowa\u0107 go w\u00a0 Polskich wn\u0119trzach. W niewielkim rzemie\u015blniczym zak\u0142adzie &#8211; za to wk\u0142adaj\u0105c w to ca\u0142e serce, tworzymy dla was meble z dusz\u0105. Meble kt\u00f3re opr\u0105 si\u0119 dzia\u0142aniu czasu i zmieniaj\u0105cych si\u0119 trend\u00f3w i b\u0119d\u0105 cieszy\u0107 oko nast\u0119pnego pokolenia.<\/p><p>Fronty, ramki czy elementy wyposa\u017cenia wn\u0119trza szafek s\u0105 nasz\u0105 w\u0142asnor\u0119czn\u0105 produkcj\u0105 niedost\u0119pn\u0105 nigdzie indziej. Wyko\u0144czone s\u0105 naturalnymi woskami w specjalnie przez nas przygotowanej i mieszanej palecie barw.<\/p>\t\t\t\t\t\t<\/div>\n\t\t\t\t<\/div>\n\t\t\t\t\t<\/div>\n\t\t<\/div>\n\t\t\t\t\t\t\t<\/div>\n\t\t<\/section>\n\t\t\t\t<section class=\"elementor-section elementor-top-section elementor-element elementor-element-386e755 elementor-section-boxed elementor-section-height-default elementor-section-height-default\" data-id=\"386e755\" data-element_type=\"section\">\n\t\t\t\t\t\t<div class=\"elementor-container elementor-column-gap-default\">\n\t\t\t\t\t<div class=\"elementor-column elementor-col-33 elementor-top-column elementor-element elementor-element-a825d3b\" data-id=\"a825d3b\" data-element_type=\"column\">\n\t\t\t<div class=\"elementor-widget-wrap elementor-element-populated\">\n\t\t\t\t\t\t\t\t<div class=\"elementor-element elementor-element-00ead96 elementor-widget elementor-widget-image\" data-id=\"00ead96\" data-element_type=\"widget\" data-widget_type=\"image.default\">\n\t\t\t\t<div class=\"elementor-widget-container\">\n\t\t\t\t\t\t\t\t\t\t\t\t\t\t\t<img decoding=\"async\" width=\"778\" height=\"1024\" src=\"https:\/\/kratkameble.pl\/wp-content\/uploads\/2023\/06\/IMG_8345-778x1024.jpg\" class=\"attachment-large size-large wp-image-119\" alt=\"\" srcset=\"https:\/\/kratkameble.pl\/wp-content\/uploads\/2023\/06\/IMG_8345-778x1024.jpg 778w, https:\/\/kratkameble.pl\/wp-content\/uploads\/2023\/06\/IMG_8345-228x300.jpg 228w, https:\/\/kratkameble.pl\/wp-content\/uploads\/2023\/06\/IMG_8345-768x1011.jpg 768w, https:\/\/kratkameble.pl\/wp-content\/uploads\/2023\/06\/IMG_8345.jpg 1000w\" sizes=\"(max-width: 778px) 100vw, 778px\" \/>\t\t\t\t\t\t\t\t\t\t\t\t\t\t\t<\/div>\n\t\t\t\t<\/div>\n\t\t\t\t\t<\/div>\n\t\t<\/div>\n\t\t\t\t<div class=\"elementor-column elementor-col-33 elementor-top-column elementor-element elementor-element-8587693\" data-id=\"8587693\" data-element_type=\"column\">\n\t\t\t<div class=\"elementor-widget-wrap elementor-element-populated\">\n\t\t\t\t\t\t\t\t<div class=\"elementor-element elementor-element-ce3494f elementor-widget elementor-widget-image\" data-id=\"ce3494f\" data-element_type=\"widget\" data-widget_type=\"image.default\">\n\t\t\t\t<div class=\"elementor-widget-container\">\n\t\t\t\t\t\t\t\t\t\t\t\t\t\t\t<img decoding=\"async\" width=\"778\" height=\"1024\" src=\"https:\/\/kratkameble.pl\/wp-content\/uploads\/2023\/06\/IMG_8376-778x1024.jpg\" class=\"attachment-large size-large wp-image-135\" alt=\"\" srcset=\"https:\/\/kratkameble.pl\/wp-content\/uploads\/2023\/06\/IMG_8376-778x1024.jpg 778w, https:\/\/kratkameble.pl\/wp-content\/uploads\/2023\/06\/IMG_8376-228x300.jpg 228w, https:\/\/kratkameble.pl\/wp-content\/uploads\/2023\/06\/IMG_8376-768x1011.jpg 768w, https:\/\/kratkameble.pl\/wp-content\/uploads\/2023\/06\/IMG_8376.jpg 1000w\" sizes=\"(max-width: 778px) 100vw, 778px\" \/>\t\t\t\t\t\t\t\t\t\t\t\t\t\t\t<\/div>\n\t\t\t\t<\/div>\n\t\t\t\t\t<\/div>\n\t\t<\/div>\n\t\t\t\t<div class=\"elementor-column elementor-col-33 elementor-top-column elementor-element elementor-element-0a383e8\" data-id=\"0a383e8\" data-element_type=\"column\">\n\t\t\t<div class=\"elementor-widget-wrap elementor-element-populated\">\n\t\t\t\t\t\t\t\t<div class=\"elementor-element elementor-element-0b93882 elementor-widget elementor-widget-image\" data-id=\"0b93882\" data-element_type=\"widget\" data-widget_type=\"image.default\">\n\t\t\t\t<div class=\"elementor-widget-container\">\n\t\t\t\t\t\t\t\t\t\t\t\t\t\t\t<img loading=\"lazy\" decoding=\"async\" width=\"778\" height=\"1024\" src=\"https:\/\/kratkameble.pl\/wp-content\/uploads\/2023\/06\/IMG_8367-778x1024.jpg\" class=\"attachment-large size-large wp-image-130\" alt=\"\" srcset=\"https:\/\/kratkameble.pl\/wp-content\/uploads\/2023\/06\/IMG_8367-778x1024.jpg 778w, https:\/\/kratkameble.pl\/wp-content\/uploads\/2023\/06\/IMG_8367-228x300.jpg 228w, https:\/\/kratkameble.pl\/wp-content\/uploads\/2023\/06\/IMG_8367-768x1011.jpg 768w, https:\/\/kratkameble.pl\/wp-content\/uploads\/2023\/06\/IMG_8367.jpg 1000w\" sizes=\"(max-width: 778px) 100vw, 778px\" \/>\t\t\t\t\t\t\t\t\t\t\t\t\t\t\t<\/div>\n\t\t\t\t<\/div>\n\t\t\t\t\t<\/div>\n\t\t<\/div>\n\t\t\t\t\t\t\t<\/div>\n\t\t<\/section>\n\t\t\t\t\t\t\t<\/div>\n\t\t","protected":false},"excerpt":{"rendered":"<p>Co to w og\u00f3le znaczy &#8222;shaker&#8221;? Styl urz\u0105dzania wn\u0119trz wywodz\u0105cy si\u0119 z XIX wiecznej Ameryki, a dok\u0142adnie ze wsp\u00f3lnoty religijnej okre\u015blanej w\u0142a\u015bnie tym mianem. Cechuje si\u0119 prostot\u0105 i elegancj\u0105. Uznawany za synonim przytulnego wn\u0119trza, jest r\u00f3wnie\u017c niezwykle uniwersalny &#8211; sprawdzi si\u0119 zar\u00f3wno w minimalistycznej kawalerce w centrum miasta jak i w ogromnej wiejskiej posiad\u0142o\u015bci. G\u0142\u00f3wne [&hellip;]<\/p>\n","protected":false},"author":1,"featured_media":0,"parent":0,"menu_order":0,"comment_status":"closed","ping_status":"closed","template":"","meta":{"om_disable_all_campaigns":false,"_monsterinsights_skip_tracking":false,"_monsterinsights_sitenote_active":false,"_monsterinsights_sitenote_note":"","_monsterinsights_sitenote_category":0,"footnotes":""},"class_list":["post-90","page","type-page","status-publish","hentry"],"aioseo_notices":[],"_links":{"self":[{"href":"https:\/\/kratkameble.pl\/index.php?rest_route=\/wp\/v2\/pages\/90","targetHints":{"allow":["GET"]}}],"collection":[{"href":"https:\/\/kratkameble.pl\/index.php?rest_route=\/wp\/v2\/pages"}],"about":[{"href":"https:\/\/kratkameble.pl\/index.php?rest_route=\/wp\/v2\/types\/page"}],"author":[{"embeddable":true,"href":"https:\/\/kratkameble.pl\/index.php?rest_route=\/wp\/v2\/users\/1"}],"replies":[{"embeddable":true,"href":"https:\/\/kratkameble.pl\/index.php?rest_route=%2Fwp%2Fv2%2Fcomments&post=90"}],"version-history":[{"count":23,"href":"https:\/\/kratkameble.pl\/index.php?rest_route=\/wp\/v2\/pages\/90\/revisions"}],"predecessor-version":[{"id":148,"href":"https:\/\/kratkameble.pl\/index.php?rest_route=\/wp\/v2\/pages\/90\/revisions\/148"}],"wp:attachment":[{"href":"https:\/\/kratkameble.pl\/index.php?rest_route=%2Fwp%2Fv2%2Fmedia&parent=90"}],"curies":[{"name":"wp","href":"https:\/\/api.w.org\/{rel}","templated":true}]}}