{"id":763,"date":"2024-01-26T19:09:48","date_gmt":"2024-01-26T18:09:48","guid":{"rendered":"https:\/\/kratkameble.pl\/?page_id=763"},"modified":"2024-01-26T20:35:35","modified_gmt":"2024-01-26T19:35:35","slug":"oferta","status":"publish","type":"page","link":"https:\/\/kratkameble.pl\/?page_id=763","title":{"rendered":"Oferta"},"content":{"rendered":"\t\t<div data-elementor-type=\"wp-page\" data-elementor-id=\"763\" class=\"elementor elementor-763\">\n\t\t\t\t\t\t\t\t\t<section class=\"elementor-section elementor-top-section elementor-element elementor-element-e7419cd elementor-section-boxed elementor-section-height-default elementor-section-height-default\" data-id=\"e7419cd\" data-element_type=\"section\">\n\t\t\t\t\t\t<div class=\"elementor-container elementor-column-gap-default\">\n\t\t\t\t\t<div class=\"elementor-column elementor-col-100 elementor-top-column elementor-element elementor-element-0144b67\" data-id=\"0144b67\" data-element_type=\"column\">\n\t\t\t<div class=\"elementor-widget-wrap elementor-element-populated\">\n\t\t\t\t\t\t\t\t<div class=\"elementor-element elementor-element-032ff45 elementor-widget elementor-widget-text-editor\" data-id=\"032ff45\" data-element_type=\"widget\" data-widget_type=\"text-editor.default\">\n\t\t\t\t<div class=\"elementor-widget-container\">\n\t\t\t<style>\/*! elementor - v3.18.0 - 20-12-2023 *\/\n.elementor-widget-text-editor.elementor-drop-cap-view-stacked .elementor-drop-cap{background-color:#69727d;color:#fff}.elementor-widget-text-editor.elementor-drop-cap-view-framed .elementor-drop-cap{color:#69727d;border:3px solid;background-color:transparent}.elementor-widget-text-editor:not(.elementor-drop-cap-view-default) .elementor-drop-cap{margin-top:8px}.elementor-widget-text-editor:not(.elementor-drop-cap-view-default) .elementor-drop-cap-letter{width:1em;height:1em}.elementor-widget-text-editor .elementor-drop-cap{float:left;text-align:center;line-height:1;font-size:50px}.elementor-widget-text-editor .elementor-drop-cap-letter{display:inline-block}<\/style>\t\t\t\t<strong>Co mo\u017cemy Ci zaproponowa\u0107?<\/strong><br>\t\t\t\t\t\t<\/div>\n\t\t\t\t<\/div>\n\t\t\t\t<div class=\"elementor-element elementor-element-f4fea48 elementor-widget elementor-widget-text-editor\" data-id=\"f4fea48\" data-element_type=\"widget\" data-widget_type=\"text-editor.default\">\n\t\t\t\t<div class=\"elementor-widget-container\">\n\t\t\t\t\t\t\t<p>Ka\u017cdy nasz projekt to wynik indywidualnego podej\u015bcia do klienta i zaanga\u017cowania. Wykonujemy meble precyzyjnie dopasowane do twoich potrzeb jak i twojego domu. Postaw na nas a ju\u017c wkr\u00f3tce b\u0119dziesz cieszy\u0107 si\u0119 idealnym wn\u0119trzem!<\/p><p><strong>Wykonujemy przede wszystkim:<\/strong><br \/>Meble do ca\u0142ego domu \u2013 zar\u00f3wno nowoczesne jak i klasyczne. Korzystamy przy tym z najlepszych rozwi\u0105za\u0144 i materia\u0142\u00f3w. <br \/>\u2013 meble do kuchni, salonu, sypialni czy \u0142azienki<br \/>\u2013 blaty we wszystkich formach: laminat, drewno, HPL, spieki czy kamie\u0144<br \/>\u2013 fronty z laminat\u00f3w, lakierowane, z forniru, drewna czy metalu<br \/>\u2013 stalowe industrialne konstrukcje, elementy tapicerowane czy powierzchnie szklane r\u00f3wnie\u017c nie stanowi\u0105 dla nas problemu<br \/>To tylko ma\u0142y wycinek mo\u017cliwo\u015bci jakie da Ci wsp\u00f3\u0142praca z nami!<\/p>\t\t\t\t\t\t<\/div>\n\t\t\t\t<\/div>\n\t\t\t\t\t<\/div>\n\t\t<\/div>\n\t\t\t\t\t\t\t<\/div>\n\t\t<\/section>\n\t\t\t\t<section class=\"elementor-section elementor-top-section elementor-element elementor-element-c71a11e elementor-section-boxed elementor-section-height-default elementor-section-height-default\" data-id=\"c71a11e\" data-element_type=\"section\">\n\t\t\t\t\t\t<div class=\"elementor-container elementor-column-gap-default\">\n\t\t\t\t\t<div class=\"elementor-column elementor-col-100 elementor-top-column elementor-element elementor-element-45e85cc\" data-id=\"45e85cc\" data-element_type=\"column\">\n\t\t\t<div class=\"elementor-widget-wrap elementor-element-populated\">\n\t\t\t\t\t\t\t\t<div class=\"elementor-element elementor-element-9ad4511 elementor-widget elementor-widget-text-editor\" data-id=\"9ad4511\" data-element_type=\"widget\" data-widget_type=\"text-editor.default\">\n\t\t\t\t<div class=\"elementor-widget-container\">\n\t\t\t\t\t\t\t<p><strong>Jak skorzysta\u0107 z naszej oferty?<\/strong><\/p>\t\t\t\t\t\t<\/div>\n\t\t\t\t<\/div>\n\t\t\t\t<div class=\"elementor-element elementor-element-d2ee9d6 elementor-widget elementor-widget-text-editor\" data-id=\"d2ee9d6\" data-element_type=\"widget\" data-widget_type=\"text-editor.default\">\n\t\t\t\t<div class=\"elementor-widget-container\">\n\t\t\t\t\t\t\t<p>Skontaktuj si\u0119 z nami mailowo lub telefonicznie <a href=\"https:\/\/kratkameble.pl\/?page_id=82\">kontakt tutaj<\/a> i powiedz czego potrzebujesz &#8211; na pewno pomo\u017cemy!<\/p><p>1. Po pierwsze to czy posiadasz ju\u017c projekt? &#8211; je\u015bli tak to nie czekaj tylko prze\u015blij go prosto do nas na maila biuro@kratkameble.pl &#8211; w ci\u0105gu 1-3 dni roboczych otrzymasz wst\u0119pn\u0105 wycen\u0119. Najlepiej te\u017c zostaw sw\u00f3j numer telefonu &#8211; skontaktujemy si\u0119 je\u015bli b\u0119dziemy mieli pytania co do projektu.<\/p><p>2. Nie masz projektu? &#8211; To te\u017c nie problem! Opisz nam czego potrzebujesz, jakie s\u0105 twoje wymagania &#8211; mo\u017ce masz jakie\u015b inspiracje? Przydatny b\u0119dzie r\u00f3wnie\u017c prosty rysunek pomieszczenia z wymiarami lub zdj\u0119cia. Postaramy si\u0119 przygotowa\u0107 dla Ciebie wst\u0119pny szkic koncepcyjny i ofert\u0119 na jego podstawie, zaproponujemy odpowiednie materia\u0142y i optymalne rozwi\u0105zania.<\/p>\t\t\t\t\t\t<\/div>\n\t\t\t\t<\/div>\n\t\t\t\t\t<\/div>\n\t\t<\/div>\n\t\t\t\t\t\t\t<\/div>\n\t\t<\/section>\n\t\t\t\t<section class=\"elementor-section elementor-top-section elementor-element elementor-element-944a600 elementor-section-boxed elementor-section-height-default elementor-section-height-default\" data-id=\"944a600\" data-element_type=\"section\">\n\t\t\t\t\t\t<div class=\"elementor-container elementor-column-gap-default\">\n\t\t\t\t\t<div class=\"elementor-column elementor-col-100 elementor-top-column elementor-element elementor-element-bba9009\" data-id=\"bba9009\" data-element_type=\"column\">\n\t\t\t<div class=\"elementor-widget-wrap elementor-element-populated\">\n\t\t\t\t\t\t\t\t<div class=\"elementor-element elementor-element-2830c40 elementor-widget elementor-widget-text-editor\" data-id=\"2830c40\" data-element_type=\"widget\" data-widget_type=\"text-editor.default\">\n\t\t\t\t<div class=\"elementor-widget-container\">\n\t\t\t\t\t\t\t<p><strong>Orientacyjne rozwi\u0105zania, materia\u0142y i ceny na przyk\u0142adzie mebli kuchennych:<br \/><\/strong><\/p>\t\t\t\t\t\t<\/div>\n\t\t\t\t<\/div>\n\t\t\t\t<div class=\"elementor-element elementor-element-1471774 elementor-widget elementor-widget-text-editor\" data-id=\"1471774\" data-element_type=\"widget\" data-widget_type=\"text-editor.default\">\n\t\t\t\t<div class=\"elementor-widget-container\">\n\t\t\t\t\t\t\t<p>Wychodz\u0105c naprzeciw waszym pytaniom przygotowali\u015bmy orientacyjn\u0105 ofert\u0119 na przyk\u0142adzie mebli kuchnnych w kilku wariantach:<\/p>\t\t\t\t\t\t<\/div>\n\t\t\t\t<\/div>\n\t\t\t\t\t<\/div>\n\t\t<\/div>\n\t\t\t\t\t\t\t<\/div>\n\t\t<\/section>\n\t\t\t\t<section class=\"elementor-section elementor-top-section elementor-element elementor-element-17aaac7 elementor-section-boxed elementor-section-height-default elementor-section-height-default\" data-id=\"17aaac7\" data-element_type=\"section\">\n\t\t\t\t\t\t<div class=\"elementor-container elementor-column-gap-default\">\n\t\t\t\t\t<div class=\"elementor-column elementor-col-100 elementor-top-column elementor-element elementor-element-ab56580\" data-id=\"ab56580\" data-element_type=\"column\">\n\t\t\t<div class=\"elementor-widget-wrap elementor-element-populated\">\n\t\t\t\t\t\t\t\t<div class=\"elementor-element elementor-element-d21564d elementor-widget elementor-widget-text-editor\" data-id=\"d21564d\" data-element_type=\"widget\" data-widget_type=\"text-editor.default\">\n\t\t\t\t<div class=\"elementor-widget-container\">\n\t\t\t\t\t\t\t<p><strong>Meble kuchenne Basic<br \/><\/strong><\/p>\t\t\t\t\t\t<\/div>\n\t\t\t\t<\/div>\n\t\t\t\t<div class=\"elementor-element elementor-element-aae02da elementor-widget elementor-widget-text-editor\" data-id=\"aae02da\" data-element_type=\"widget\" data-widget_type=\"text-editor.default\">\n\t\t\t\t<div class=\"elementor-widget-container\">\n\t\t\t\t\t\t\t<p>Chcesz umeblowa\u0107 niewielk\u0105 kuchnie przy ograniczonym bud\u017cecie? Urz\u0105dzi\u0107 lokal inwestycyjny na wynajem? <br \/>To wcale nie musi by\u0107 drogie!<br \/>&#8211; wysokiej jako\u015bci materia\u0142y &#8211; fronty laminowane i blaty oklejane w technologii PUR o podwy\u017cszonej odporno\u015bci na wod\u0119 i uderzenia.<br \/>&#8211; systemy ruchu Blum z do\u017cywotni\u0105 gwarancj\u0105 <br \/>&#8211; przemy\u015blane projekty pozwalaj\u0105ce zachowa\u0107 pe\u0142n\u0105 ergonomi\u0119 i zmie\u015bci\u0107 wszystko co potrzebne na ograniczonej przestrzeni<br \/>&#8211; meble gotowe do u\u017cytku zaraz po monta\u017cu &#8211; nasza ekipa montuje ca\u0142y sprz\u0119t AGD i pozostawia zabudowy i otoczenie w idealnym porz\u0105dku<\/p><p>cena: 10 000 &#8211; 20 000 brutto<\/p>\t\t\t\t\t\t<\/div>\n\t\t\t\t<\/div>\n\t\t\t\t<div class=\"elementor-element elementor-element-c0137a0 elementor-widget elementor-widget-image\" data-id=\"c0137a0\" data-element_type=\"widget\" data-widget_type=\"image.default\">\n\t\t\t\t<div class=\"elementor-widget-container\">\n\t\t\t<style>\/*! elementor - v3.18.0 - 20-12-2023 *\/\n.elementor-widget-image{text-align:center}.elementor-widget-image a{display:inline-block}.elementor-widget-image a img[src$=\".svg\"]{width:48px}.elementor-widget-image img{vertical-align:middle;display:inline-block}<\/style>\t\t\t\t\t\t\t\t\t\t\t\t<img fetchpriority=\"high\" decoding=\"async\" width=\"778\" height=\"1024\" src=\"https:\/\/kratkameble.pl\/wp-content\/uploads\/2024\/01\/IMG_3213-778x1024.jpg\" class=\"attachment-large size-large wp-image-799\" alt=\"\" srcset=\"https:\/\/kratkameble.pl\/wp-content\/uploads\/2024\/01\/IMG_3213-778x1024.jpg 778w, https:\/\/kratkameble.pl\/wp-content\/uploads\/2024\/01\/IMG_3213-228x300.jpg 228w, https:\/\/kratkameble.pl\/wp-content\/uploads\/2024\/01\/IMG_3213-768x1011.jpg 768w, https:\/\/kratkameble.pl\/wp-content\/uploads\/2024\/01\/IMG_3213.jpg 1000w\" sizes=\"(max-width: 778px) 100vw, 778px\" \/>\t\t\t\t\t\t\t\t\t\t\t\t\t\t\t<\/div>\n\t\t\t\t<\/div>\n\t\t\t\t\t<\/div>\n\t\t<\/div>\n\t\t\t\t\t\t\t<\/div>\n\t\t<\/section>\n\t\t\t\t<section class=\"elementor-section elementor-top-section elementor-element elementor-element-d5816f0 elementor-section-boxed elementor-section-height-default elementor-section-height-default\" data-id=\"d5816f0\" data-element_type=\"section\">\n\t\t\t\t\t\t<div class=\"elementor-container elementor-column-gap-default\">\n\t\t\t\t\t<div class=\"elementor-column elementor-col-100 elementor-top-column elementor-element elementor-element-3408ba5\" data-id=\"3408ba5\" data-element_type=\"column\">\n\t\t\t<div class=\"elementor-widget-wrap elementor-element-populated\">\n\t\t\t\t\t\t\t\t<div class=\"elementor-element elementor-element-2ffc8cc elementor-widget elementor-widget-text-editor\" data-id=\"2ffc8cc\" data-element_type=\"widget\" data-widget_type=\"text-editor.default\">\n\t\t\t\t<div class=\"elementor-widget-container\">\n\t\t\t\t\t\t\t<p><strong>Meble kuchenne Optimum<br \/><\/strong><\/p>\t\t\t\t\t\t<\/div>\n\t\t\t\t<\/div>\n\t\t\t\t<div class=\"elementor-element elementor-element-f7c36dd elementor-widget elementor-widget-text-editor\" data-id=\"f7c36dd\" data-element_type=\"widget\" data-widget_type=\"text-editor.default\">\n\t\t\t\t<div class=\"elementor-widget-container\">\n\t\t\t\t\t\t\t<p>Rozwi\u0105zania na lata w pe\u0142nej gamie materia\u0142owej i kolorystycznej!<br \/>Pe\u0142ny przekr\u00f3j wysokiej jako\u015bci materia\u0142\u00f3w:<br \/>&#8211; fronty lakierowane i akrylowe w wyko\u0144czeniach od wysokiego po\u0142ysku po g\u0142\u0119boki mat. Wykonane z laminatu i fornirowane. <br \/>&#8211; blaty laminowane, drewniane i HPL jak r\u00f3wnie\u017c z konglomeratu<br \/>&#8211; Systemy ruchu Blum i Peka<br \/>&#8211; dowolne sposoby otwierania: systemy Push to open, listwy uchwytowe czy uchwyty frezowane <br \/>&#8211; wbudowane o\u015bwietlenia LED<br \/>a ponadto<br \/>&#8211; przemy\u015blane projekty pozwalaj\u0105ce zachowa\u0107 pe\u0142n\u0105 ergonomi\u0119 i nada\u0107 pomieszczeniu rol\u0119 domowego centrum \u017cycia<br \/>&#8211; meble gotowe do u\u017cytku zaraz po monta\u017cu &#8211; nasza ekipa montuje ca\u0142y sprz\u0119t AGD i pozostawia zabudowy i otoczenie w idealnym porz\u0105dku<\/p><p>cena: 18 000 &#8211; 40 000 z\u0142 brutto<\/p>\t\t\t\t\t\t<\/div>\n\t\t\t\t<\/div>\n\t\t\t\t<div class=\"elementor-element elementor-element-737b455 elementor-widget elementor-widget-image\" data-id=\"737b455\" data-element_type=\"widget\" data-widget_type=\"image.default\">\n\t\t\t\t<div class=\"elementor-widget-container\">\n\t\t\t\t\t\t\t\t\t\t\t\t\t\t\t<img decoding=\"async\" width=\"778\" height=\"1024\" src=\"https:\/\/kratkameble.pl\/wp-content\/uploads\/2023\/07\/n_10_1-778x1024.jpg\" class=\"attachment-large size-large wp-image-234\" alt=\"\" srcset=\"https:\/\/kratkameble.pl\/wp-content\/uploads\/2023\/07\/n_10_1-778x1024.jpg 778w, https:\/\/kratkameble.pl\/wp-content\/uploads\/2023\/07\/n_10_1-228x300.jpg 228w, https:\/\/kratkameble.pl\/wp-content\/uploads\/2023\/07\/n_10_1-768x1011.jpg 768w, https:\/\/kratkameble.pl\/wp-content\/uploads\/2023\/07\/n_10_1.jpg 1000w\" sizes=\"(max-width: 778px) 100vw, 778px\" \/>\t\t\t\t\t\t\t\t\t\t\t\t\t\t\t<\/div>\n\t\t\t\t<\/div>\n\t\t\t\t\t<\/div>\n\t\t<\/div>\n\t\t\t\t\t\t\t<\/div>\n\t\t<\/section>\n\t\t\t\t<section class=\"elementor-section elementor-top-section elementor-element elementor-element-320bf49 elementor-section-boxed elementor-section-height-default elementor-section-height-default\" data-id=\"320bf49\" data-element_type=\"section\">\n\t\t\t\t\t\t<div class=\"elementor-container elementor-column-gap-default\">\n\t\t\t\t\t<div class=\"elementor-column elementor-col-100 elementor-top-column elementor-element elementor-element-44004d4\" data-id=\"44004d4\" data-element_type=\"column\">\n\t\t\t<div class=\"elementor-widget-wrap elementor-element-populated\">\n\t\t\t\t\t\t\t\t<div class=\"elementor-element elementor-element-126bc0c elementor-widget elementor-widget-text-editor\" data-id=\"126bc0c\" data-element_type=\"widget\" data-widget_type=\"text-editor.default\">\n\t\t\t\t<div class=\"elementor-widget-container\">\n\t\t\t\t\t\t\t<p><strong>Meble kuchenne Premium<br \/><\/strong><\/p>\t\t\t\t\t\t<\/div>\n\t\t\t\t<\/div>\n\t\t\t\t<div class=\"elementor-element elementor-element-a85b61f elementor-widget elementor-widget-text-editor\" data-id=\"a85b61f\" data-element_type=\"widget\" data-widget_type=\"text-editor.default\">\n\t\t\t\t<div class=\"elementor-widget-container\">\n\t\t\t\t\t\t\t<p>Najwy\u017csza jako\u015b\u0107, projekty bez ogranicze\u0144 i kompromis\u00f3w, dowolne materia\u0142y dost\u0119pne na rynku.<br \/>&#8211; blaty z naturalnego drewna i granitu, uzupe\u0142nione pe\u0142n\u0105 ofert\u0105 spiek\u00f3w kwarcowych, konglomerat\u00f3w i laminat\u00f3w HPL<br \/>&#8211; Fronty z laminat\u00f3w, drewna, forniru, lakierowane i akrylowe w wyko\u0144czeniach od wysokiego po\u0142ysku po g\u0142\u0119boki mat, a tak\u017ce pokryte metalem, fornirem kamiennych lub wykonane z laminatu HPL<br \/>&#8211; Systemy ruchu Blum, Hettich i Grass, elektryczne wspomaganie otwierania i zamykania szafek i szuflad, systemy carg, chowanych drzwi czy akcesori\u00f3w wewn\u0119trznych Peka i Hailo<br \/>&#8211; drewniane szuflady i systemy organizacji wewn\u0119trznej<br \/>&#8211; w tym pakiecie ogranicza ci\u0119 tylko wyobra\u017ania!<br \/>a ponadto<br \/>&#8211; pe\u0142ne wsparcie projektowe <br \/>&#8211; meble gotowe do u\u017cytku zaraz po monta\u017cu &#8211; nasza ekipa montuje ca\u0142y sprz\u0119t AGD i pozostawia zabudowy i otoczenie w idealnym porz\u0105dku<\/p><p>cena: 40 000 &#8211; 80 000 z\u0142 brutto<\/p>\t\t\t\t\t\t<\/div>\n\t\t\t\t<\/div>\n\t\t\t\t<div class=\"elementor-element elementor-element-dfa914c elementor-widget elementor-widget-image\" data-id=\"dfa914c\" data-element_type=\"widget\" data-widget_type=\"image.default\">\n\t\t\t\t<div class=\"elementor-widget-container\">\n\t\t\t\t\t\t\t\t\t\t\t\t\t\t\t<img decoding=\"async\" width=\"778\" height=\"1024\" src=\"https:\/\/kratkameble.pl\/wp-content\/uploads\/2023\/07\/IMG_7739-778x1024.jpg\" class=\"attachment-large size-large wp-image-181\" alt=\"\" srcset=\"https:\/\/kratkameble.pl\/wp-content\/uploads\/2023\/07\/IMG_7739-778x1024.jpg 778w, https:\/\/kratkameble.pl\/wp-content\/uploads\/2023\/07\/IMG_7739-228x300.jpg 228w, https:\/\/kratkameble.pl\/wp-content\/uploads\/2023\/07\/IMG_7739-768x1011.jpg 768w, https:\/\/kratkameble.pl\/wp-content\/uploads\/2023\/07\/IMG_7739.jpg 1000w\" sizes=\"(max-width: 778px) 100vw, 778px\" \/>\t\t\t\t\t\t\t\t\t\t\t\t\t\t\t<\/div>\n\t\t\t\t<\/div>\n\t\t\t\t\t<\/div>\n\t\t<\/div>\n\t\t\t\t\t\t\t<\/div>\n\t\t<\/section>\n\t\t\t\t\t\t\t<\/div>\n\t\t","protected":false},"excerpt":{"rendered":"<p>Co mo\u017cemy Ci zaproponowa\u0107? Ka\u017cdy nasz projekt to wynik indywidualnego podej\u015bcia do klienta i zaanga\u017cowania. Wykonujemy meble precyzyjnie dopasowane do twoich potrzeb jak i twojego domu. Postaw na nas a ju\u017c wkr\u00f3tce b\u0119dziesz cieszy\u0107 si\u0119 idealnym wn\u0119trzem! Wykonujemy przede wszystkim:Meble do ca\u0142ego domu \u2013 zar\u00f3wno nowoczesne jak i klasyczne. Korzystamy przy tym z najlepszych rozwi\u0105za\u0144 [&hellip;]<\/p>\n","protected":false},"author":1,"featured_media":0,"parent":0,"menu_order":0,"comment_status":"closed","ping_status":"closed","template":"","meta":{"om_disable_all_campaigns":false,"_monsterinsights_skip_tracking":false,"_monsterinsights_sitenote_active":false,"_monsterinsights_sitenote_note":"","_monsterinsights_sitenote_category":0,"footnotes":""},"class_list":["post-763","page","type-page","status-publish","hentry"],"aioseo_notices":[],"_links":{"self":[{"href":"https:\/\/kratkameble.pl\/index.php?rest_route=\/wp\/v2\/pages\/763","targetHints":{"allow":["GET"]}}],"collection":[{"href":"https:\/\/kratkameble.pl\/index.php?rest_route=\/wp\/v2\/pages"}],"about":[{"href":"https:\/\/kratkameble.pl\/index.php?rest_route=\/wp\/v2\/types\/page"}],"author":[{"embeddable":true,"href":"https:\/\/kratkameble.pl\/index.php?rest_route=\/wp\/v2\/users\/1"}],"replies":[{"embeddable":true,"href":"https:\/\/kratkameble.pl\/index.php?rest_route=%2Fwp%2Fv2%2Fcomments&post=763"}],"version-history":[{"count":28,"href":"https:\/\/kratkameble.pl\/index.php?rest_route=\/wp\/v2\/pages\/763\/revisions"}],"predecessor-version":[{"id":815,"href":"https:\/\/kratkameble.pl\/index.php?rest_route=\/wp\/v2\/pages\/763\/revisions\/815"}],"wp:attachment":[{"href":"https:\/\/kratkameble.pl\/index.php?rest_route=%2Fwp%2Fv2%2Fmedia&parent=763"}],"curies":[{"name":"wp","href":"https:\/\/api.w.org\/{rel}","templated":true}]}}