{"id":430,"date":"2023-07-16T14:15:38","date_gmt":"2023-07-16T12:15:38","guid":{"rendered":"https:\/\/kratkameble.pl\/?page_id=430"},"modified":"2023-07-19T19:31:22","modified_gmt":"2023-07-19T17:31:22","slug":"elementor-430","status":"publish","type":"page","link":"https:\/\/kratkameble.pl\/?page_id=430","title":{"rendered":"Kuchnia #11 &#8211; Fronty lakierowane z pow\u0142ok\u0105 anty-finger oraz blat kompaktowy po\u0142\u0105czony z litym d\u0119bem"},"content":{"rendered":"\t\t<div data-elementor-type=\"wp-page\" data-elementor-id=\"430\" class=\"elementor elementor-430\">\n\t\t\t\t\t\t\t\t\t<section class=\"elementor-section elementor-top-section elementor-element elementor-element-7090472 elementor-section-boxed elementor-section-height-default elementor-section-height-default\" data-id=\"7090472\" data-element_type=\"section\">\n\t\t\t\t\t\t<div class=\"elementor-container elementor-column-gap-default\">\n\t\t\t\t\t<div class=\"elementor-column elementor-col-50 elementor-top-column elementor-element elementor-element-4b9b9f2\" data-id=\"4b9b9f2\" data-element_type=\"column\">\n\t\t\t<div class=\"elementor-widget-wrap elementor-element-populated\">\n\t\t\t\t\t\t\t\t<div class=\"elementor-element elementor-element-d82e4b7 elementor-widget elementor-widget-image\" data-id=\"d82e4b7\" data-element_type=\"widget\" data-widget_type=\"image.default\">\n\t\t\t\t<div class=\"elementor-widget-container\">\n\t\t\t<style>\/*! elementor - v3.18.0 - 20-12-2023 *\/\n.elementor-widget-image{text-align:center}.elementor-widget-image a{display:inline-block}.elementor-widget-image a img[src$=\".svg\"]{width:48px}.elementor-widget-image img{vertical-align:middle;display:inline-block}<\/style>\t\t\t\t\t\t\t\t\t\t\t\t<img fetchpriority=\"high\" decoding=\"async\" width=\"778\" height=\"1024\" src=\"https:\/\/kratkameble.pl\/wp-content\/uploads\/2023\/07\/n_11_8-778x1024.jpg\" class=\"attachment-large size-large wp-image-281\" alt=\"\" srcset=\"https:\/\/kratkameble.pl\/wp-content\/uploads\/2023\/07\/n_11_8-778x1024.jpg 778w, https:\/\/kratkameble.pl\/wp-content\/uploads\/2023\/07\/n_11_8-228x300.jpg 228w, https:\/\/kratkameble.pl\/wp-content\/uploads\/2023\/07\/n_11_8-768x1011.jpg 768w, https:\/\/kratkameble.pl\/wp-content\/uploads\/2023\/07\/n_11_8.jpg 1000w\" sizes=\"(max-width: 778px) 100vw, 778px\" \/>\t\t\t\t\t\t\t\t\t\t\t\t\t\t\t<\/div>\n\t\t\t\t<\/div>\n\t\t\t\t\t<\/div>\n\t\t<\/div>\n\t\t\t\t<div class=\"elementor-column elementor-col-50 elementor-top-column elementor-element elementor-element-6f29200\" data-id=\"6f29200\" data-element_type=\"column\">\n\t\t\t<div class=\"elementor-widget-wrap elementor-element-populated\">\n\t\t\t\t\t\t\t\t<div class=\"elementor-element elementor-element-b361fdf elementor-widget elementor-widget-image\" data-id=\"b361fdf\" data-element_type=\"widget\" data-widget_type=\"image.default\">\n\t\t\t\t<div class=\"elementor-widget-container\">\n\t\t\t\t\t\t\t\t\t\t\t\t\t\t\t<img decoding=\"async\" width=\"778\" height=\"1024\" src=\"https:\/\/kratkameble.pl\/wp-content\/uploads\/2023\/07\/n_11_7-778x1024.jpg\" class=\"attachment-large size-large wp-image-280\" alt=\"\" srcset=\"https:\/\/kratkameble.pl\/wp-content\/uploads\/2023\/07\/n_11_7-778x1024.jpg 778w, https:\/\/kratkameble.pl\/wp-content\/uploads\/2023\/07\/n_11_7-228x300.jpg 228w, https:\/\/kratkameble.pl\/wp-content\/uploads\/2023\/07\/n_11_7-768x1011.jpg 768w, https:\/\/kratkameble.pl\/wp-content\/uploads\/2023\/07\/n_11_7.jpg 1000w\" sizes=\"(max-width: 778px) 100vw, 778px\" \/>\t\t\t\t\t\t\t\t\t\t\t\t\t\t\t<\/div>\n\t\t\t\t<\/div>\n\t\t\t\t\t<\/div>\n\t\t<\/div>\n\t\t\t\t\t\t\t<\/div>\n\t\t<\/section>\n\t\t\t\t<section class=\"elementor-section elementor-top-section elementor-element elementor-element-416b46a elementor-section-boxed elementor-section-height-default elementor-section-height-default\" data-id=\"416b46a\" data-element_type=\"section\">\n\t\t\t\t\t\t<div class=\"elementor-container elementor-column-gap-default\">\n\t\t\t\t\t<div class=\"elementor-column elementor-col-50 elementor-top-column elementor-element elementor-element-2e2d568\" data-id=\"2e2d568\" data-element_type=\"column\">\n\t\t\t<div class=\"elementor-widget-wrap elementor-element-populated\">\n\t\t\t\t\t\t\t\t<div class=\"elementor-element elementor-element-5e7b100 elementor-widget elementor-widget-image\" data-id=\"5e7b100\" data-element_type=\"widget\" data-widget_type=\"image.default\">\n\t\t\t\t<div class=\"elementor-widget-container\">\n\t\t\t\t\t\t\t\t\t\t\t\t\t\t\t<img decoding=\"async\" width=\"778\" height=\"1024\" src=\"https:\/\/kratkameble.pl\/wp-content\/uploads\/2023\/07\/n_11_3-778x1024.jpg\" class=\"attachment-large size-large wp-image-276\" alt=\"\" srcset=\"https:\/\/kratkameble.pl\/wp-content\/uploads\/2023\/07\/n_11_3-778x1024.jpg 778w, https:\/\/kratkameble.pl\/wp-content\/uploads\/2023\/07\/n_11_3-228x300.jpg 228w, https:\/\/kratkameble.pl\/wp-content\/uploads\/2023\/07\/n_11_3-768x1011.jpg 768w, https:\/\/kratkameble.pl\/wp-content\/uploads\/2023\/07\/n_11_3.jpg 1000w\" sizes=\"(max-width: 778px) 100vw, 778px\" \/>\t\t\t\t\t\t\t\t\t\t\t\t\t\t\t<\/div>\n\t\t\t\t<\/div>\n\t\t\t\t\t<\/div>\n\t\t<\/div>\n\t\t\t\t<div class=\"elementor-column elementor-col-50 elementor-top-column elementor-element elementor-element-51b3cd7\" data-id=\"51b3cd7\" data-element_type=\"column\">\n\t\t\t<div class=\"elementor-widget-wrap elementor-element-populated\">\n\t\t\t\t\t\t\t\t<div class=\"elementor-element elementor-element-26f44f4 elementor-widget elementor-widget-image\" data-id=\"26f44f4\" data-element_type=\"widget\" data-widget_type=\"image.default\">\n\t\t\t\t<div class=\"elementor-widget-container\">\n\t\t\t\t\t\t\t\t\t\t\t\t\t\t\t<img loading=\"lazy\" decoding=\"async\" width=\"778\" height=\"1024\" src=\"https:\/\/kratkameble.pl\/wp-content\/uploads\/2023\/07\/n_11_9-778x1024.jpg\" class=\"attachment-large size-large wp-image-282\" alt=\"\" srcset=\"https:\/\/kratkameble.pl\/wp-content\/uploads\/2023\/07\/n_11_9-778x1024.jpg 778w, https:\/\/kratkameble.pl\/wp-content\/uploads\/2023\/07\/n_11_9-228x300.jpg 228w, https:\/\/kratkameble.pl\/wp-content\/uploads\/2023\/07\/n_11_9-768x1011.jpg 768w, https:\/\/kratkameble.pl\/wp-content\/uploads\/2023\/07\/n_11_9.jpg 1000w\" sizes=\"(max-width: 778px) 100vw, 778px\" \/>\t\t\t\t\t\t\t\t\t\t\t\t\t\t\t<\/div>\n\t\t\t\t<\/div>\n\t\t\t\t\t<\/div>\n\t\t<\/div>\n\t\t\t\t\t\t\t<\/div>\n\t\t<\/section>\n\t\t\t\t<section class=\"elementor-section elementor-top-section elementor-element elementor-element-ab780d8 elementor-section-boxed elementor-section-height-default elementor-section-height-default\" data-id=\"ab780d8\" data-element_type=\"section\">\n\t\t\t\t\t\t<div class=\"elementor-container elementor-column-gap-default\">\n\t\t\t\t\t<div class=\"elementor-column elementor-col-50 elementor-top-column elementor-element elementor-element-73003ed\" data-id=\"73003ed\" data-element_type=\"column\">\n\t\t\t<div class=\"elementor-widget-wrap elementor-element-populated\">\n\t\t\t\t\t\t\t\t<div class=\"elementor-element elementor-element-dd0811e elementor-widget elementor-widget-image\" data-id=\"dd0811e\" data-element_type=\"widget\" data-widget_type=\"image.default\">\n\t\t\t\t<div class=\"elementor-widget-container\">\n\t\t\t\t\t\t\t\t\t\t\t\t\t\t\t<img loading=\"lazy\" decoding=\"async\" width=\"778\" height=\"1024\" src=\"https:\/\/kratkameble.pl\/wp-content\/uploads\/2023\/07\/n_11_5-778x1024.jpg\" class=\"attachment-large size-large wp-image-278\" alt=\"\" srcset=\"https:\/\/kratkameble.pl\/wp-content\/uploads\/2023\/07\/n_11_5-778x1024.jpg 778w, https:\/\/kratkameble.pl\/wp-content\/uploads\/2023\/07\/n_11_5-228x300.jpg 228w, https:\/\/kratkameble.pl\/wp-content\/uploads\/2023\/07\/n_11_5-768x1011.jpg 768w, https:\/\/kratkameble.pl\/wp-content\/uploads\/2023\/07\/n_11_5.jpg 1000w\" sizes=\"(max-width: 778px) 100vw, 778px\" \/>\t\t\t\t\t\t\t\t\t\t\t\t\t\t\t<\/div>\n\t\t\t\t<\/div>\n\t\t\t\t\t<\/div>\n\t\t<\/div>\n\t\t\t\t<div class=\"elementor-column elementor-col-50 elementor-top-column elementor-element elementor-element-247c172\" data-id=\"247c172\" data-element_type=\"column\">\n\t\t\t<div class=\"elementor-widget-wrap elementor-element-populated\">\n\t\t\t\t\t\t\t\t<div class=\"elementor-element elementor-element-97ee930 elementor-widget elementor-widget-image\" data-id=\"97ee930\" data-element_type=\"widget\" data-widget_type=\"image.default\">\n\t\t\t\t<div class=\"elementor-widget-container\">\n\t\t\t\t\t\t\t\t\t\t\t\t\t\t\t<img loading=\"lazy\" decoding=\"async\" width=\"778\" height=\"1024\" src=\"https:\/\/kratkameble.pl\/wp-content\/uploads\/2023\/07\/n_11_4-778x1024.jpg\" class=\"attachment-large size-large wp-image-277\" alt=\"\" srcset=\"https:\/\/kratkameble.pl\/wp-content\/uploads\/2023\/07\/n_11_4-778x1024.jpg 778w, https:\/\/kratkameble.pl\/wp-content\/uploads\/2023\/07\/n_11_4-228x300.jpg 228w, https:\/\/kratkameble.pl\/wp-content\/uploads\/2023\/07\/n_11_4-768x1011.jpg 768w, https:\/\/kratkameble.pl\/wp-content\/uploads\/2023\/07\/n_11_4.jpg 1000w\" sizes=\"(max-width: 778px) 100vw, 778px\" \/>\t\t\t\t\t\t\t\t\t\t\t\t\t\t\t<\/div>\n\t\t\t\t<\/div>\n\t\t\t\t\t<\/div>\n\t\t<\/div>\n\t\t\t\t\t\t\t<\/div>\n\t\t<\/section>\n\t\t\t\t<section class=\"elementor-section elementor-top-section elementor-element elementor-element-f848a4d elementor-section-boxed elementor-section-height-default elementor-section-height-default\" data-id=\"f848a4d\" data-element_type=\"section\">\n\t\t\t\t\t\t<div class=\"elementor-container elementor-column-gap-default\">\n\t\t\t\t\t<div class=\"elementor-column elementor-col-50 elementor-top-column elementor-element elementor-element-4bfafec\" data-id=\"4bfafec\" data-element_type=\"column\">\n\t\t\t<div class=\"elementor-widget-wrap elementor-element-populated\">\n\t\t\t\t\t\t\t\t<div class=\"elementor-element elementor-element-45fe154 elementor-widget elementor-widget-image\" data-id=\"45fe154\" data-element_type=\"widget\" data-widget_type=\"image.default\">\n\t\t\t\t<div class=\"elementor-widget-container\">\n\t\t\t\t\t\t\t\t\t\t\t\t\t\t\t<img loading=\"lazy\" decoding=\"async\" width=\"778\" height=\"1024\" src=\"https:\/\/kratkameble.pl\/wp-content\/uploads\/2023\/07\/n_11_2-778x1024.jpg\" class=\"attachment-large size-large wp-image-275\" alt=\"\" srcset=\"https:\/\/kratkameble.pl\/wp-content\/uploads\/2023\/07\/n_11_2-778x1024.jpg 778w, https:\/\/kratkameble.pl\/wp-content\/uploads\/2023\/07\/n_11_2-228x300.jpg 228w, https:\/\/kratkameble.pl\/wp-content\/uploads\/2023\/07\/n_11_2-768x1011.jpg 768w, https:\/\/kratkameble.pl\/wp-content\/uploads\/2023\/07\/n_11_2.jpg 1000w\" sizes=\"(max-width: 778px) 100vw, 778px\" \/>\t\t\t\t\t\t\t\t\t\t\t\t\t\t\t<\/div>\n\t\t\t\t<\/div>\n\t\t\t\t\t<\/div>\n\t\t<\/div>\n\t\t\t\t<div class=\"elementor-column elementor-col-50 elementor-top-column elementor-element elementor-element-11cc089\" data-id=\"11cc089\" data-element_type=\"column\">\n\t\t\t<div class=\"elementor-widget-wrap elementor-element-populated\">\n\t\t\t\t\t\t\t\t<div class=\"elementor-element elementor-element-b3420a8 elementor-widget elementor-widget-image\" data-id=\"b3420a8\" data-element_type=\"widget\" data-widget_type=\"image.default\">\n\t\t\t\t<div class=\"elementor-widget-container\">\n\t\t\t\t\t\t\t\t\t\t\t\t\t\t\t<img loading=\"lazy\" decoding=\"async\" width=\"778\" height=\"1024\" src=\"https:\/\/kratkameble.pl\/wp-content\/uploads\/2023\/07\/n_11_1-778x1024.jpg\" class=\"attachment-large size-large wp-image-274\" alt=\"\" srcset=\"https:\/\/kratkameble.pl\/wp-content\/uploads\/2023\/07\/n_11_1-778x1024.jpg 778w, https:\/\/kratkameble.pl\/wp-content\/uploads\/2023\/07\/n_11_1-228x300.jpg 228w, https:\/\/kratkameble.pl\/wp-content\/uploads\/2023\/07\/n_11_1-768x1011.jpg 768w, https:\/\/kratkameble.pl\/wp-content\/uploads\/2023\/07\/n_11_1.jpg 1000w\" sizes=\"(max-width: 778px) 100vw, 778px\" \/>\t\t\t\t\t\t\t\t\t\t\t\t\t\t\t<\/div>\n\t\t\t\t<\/div>\n\t\t\t\t\t<\/div>\n\t\t<\/div>\n\t\t\t\t\t\t\t<\/div>\n\t\t<\/section>\n\t\t\t\t\t\t\t<\/div>\n\t\t","protected":false},"excerpt":{"rendered":"","protected":false},"author":1,"featured_media":0,"parent":0,"menu_order":0,"comment_status":"closed","ping_status":"closed","template":"","meta":{"om_disable_all_campaigns":false,"_monsterinsights_skip_tracking":false,"_monsterinsights_sitenote_active":false,"_monsterinsights_sitenote_note":"","_monsterinsights_sitenote_category":0,"footnotes":""},"class_list":["post-430","page","type-page","status-publish","hentry"],"aioseo_notices":[],"_links":{"self":[{"href":"https:\/\/kratkameble.pl\/index.php?rest_route=\/wp\/v2\/pages\/430","targetHints":{"allow":["GET"]}}],"collection":[{"href":"https:\/\/kratkameble.pl\/index.php?rest_route=\/wp\/v2\/pages"}],"about":[{"href":"https:\/\/kratkameble.pl\/index.php?rest_route=\/wp\/v2\/types\/page"}],"author":[{"embeddable":true,"href":"https:\/\/kratkameble.pl\/index.php?rest_route=\/wp\/v2\/users\/1"}],"replies":[{"embeddable":true,"href":"https:\/\/kratkameble.pl\/index.php?rest_route=%2Fwp%2Fv2%2Fcomments&post=430"}],"version-history":[{"count":6,"href":"https:\/\/kratkameble.pl\/index.php?rest_route=\/wp\/v2\/pages\/430\/revisions"}],"predecessor-version":[{"id":544,"href":"https:\/\/kratkameble.pl\/index.php?rest_route=\/wp\/v2\/pages\/430\/revisions\/544"}],"wp:attachment":[{"href":"https:\/\/kratkameble.pl\/index.php?rest_route=%2Fwp%2Fv2%2Fmedia&parent=430"}],"curies":[{"name":"wp","href":"https:\/\/api.w.org\/{rel}","templated":true}]}}